{"id":1616,"date":"2024-10-03T18:20:10","date_gmt":"2024-10-03T18:20:10","guid":{"rendered":"https:\/\/hothotfruit.online\/?page_id=1616"},"modified":"2024-10-03T18:39:10","modified_gmt":"2024-10-03T18:39:10","slug":"privacy-policy","status":"publish","type":"page","link":"https:\/\/hothotfruit.online\/fr\/privacy-policy\/","title":{"rendered":"Politique de confidentialit\u00e9"},"content":{"rendered":"<div data-elementor-type=\"wp-page\" data-elementor-id=\"1616\" class=\"elementor elementor-1616\">\n\t\t\t\t<div class=\"elementor-element elementor-element-fc88167 e-flex e-con-boxed e-con e-parent\" data-id=\"fc88167\" data-element_type=\"container\" data-e-type=\"container\">\n\t\t\t\t\t<div class=\"e-con-inner\">\n\t\t<div class=\"elementor-element elementor-element-aa3af17 e-con-full e-flex e-con e-child\" data-id=\"aa3af17\" data-element_type=\"container\" data-e-type=\"container\">\n\t\t\t\t<div class=\"elementor-element elementor-element-9ddbef6 elementor-widget elementor-widget-heading\" data-id=\"9ddbef6\" data-element_type=\"widget\" data-e-type=\"widget\" data-widget_type=\"heading.default\">\n\t\t\t\t<div class=\"elementor-widget-container\">\n\t\t\t\t\t<h1 class=\"elementor-heading-title elementor-size-default\">Politique de confidentialit\u00e9<\/h1>\t\t\t\t<\/div>\n\t\t\t\t<\/div>\n\t\t\t\t<div class=\"elementor-element elementor-element-e11a927 elementor-widget elementor-widget-text-editor\" data-id=\"e11a927\" data-element_type=\"widget\" data-e-type=\"widget\" data-widget_type=\"text-editor.default\">\n\t\t\t\t<div class=\"elementor-widget-container\">\n\t\t\t\t\t\t\t\t\t<p class=\"p1\">Chez HotHotFruit.online, votre vie priv\u00e9e est notre priorit\u00e9. Nous nous engageons \u00e0 prot\u00e9ger vos informations personnelles et \u00e0 les conserver en toute s\u00e9curit\u00e9. Si vous avez des inqui\u00e9tudes ou si vous souhaitez plus de d\u00e9tails sur la fa\u00e7on dont nous g\u00e9rons vos donn\u00e9es, n'h\u00e9sitez pas \u00e0 nous contacter \u00e0 l'adresse support@hothotfruit.online.<\/p>\t\t\t\t\t\t\t\t<\/div>\n\t\t\t\t<\/div>\n\t\t\t\t<div class=\"elementor-element elementor-element-ba88024 ct-advanced-heading elementor-widget__width-initial elementor-widget elementor-widget-heading\" data-id=\"ba88024\" data-element_type=\"widget\" data-e-type=\"widget\" data-widget_type=\"heading.default\">\n\t\t\t\t<div class=\"elementor-widget-container\">\n\t\t\t\t\t<h2 class=\"elementor-heading-title elementor-size-default\">Donn\u00e9es collect\u00e9es et objectifs<\/h2>\t\t\t\t<\/div>\n\t\t\t\t<\/div>\n\t\t\t\t<div class=\"elementor-element elementor-element-985049b elementor-widget__width-initial elementor-widget elementor-widget-text-editor\" data-id=\"985049b\" data-element_type=\"widget\" data-e-type=\"widget\" data-widget_type=\"text-editor.default\">\n\t\t\t\t<div class=\"elementor-widget-container\">\n\t\t\t\t\t\t\t\t\t<p class=\"p1\">Lorsque vous explorez notre site web, nous recueillons des donn\u00e9es sp\u00e9cifiques afin d'am\u00e9liorer votre exp\u00e9rience. En voici un r\u00e9sum\u00e9 :<\/p>\t\t\t\t\t\t\t\t<\/div>\n\t\t\t\t<\/div>\n\t\t\t\t<div class=\"elementor-element elementor-element-e84419d ct-advanced-heading elementor-widget__width-initial elementor-widget elementor-widget-heading\" data-id=\"e84419d\" data-element_type=\"widget\" data-e-type=\"widget\" data-widget_type=\"heading.default\">\n\t\t\t\t<div class=\"elementor-widget-container\">\n\t\t\t\t\t<h3 class=\"elementor-heading-title elementor-size-default\">Donn\u00e9es personnelles<\/h3>\t\t\t\t<\/div>\n\t\t\t\t<\/div>\n\t\t\t\t<div class=\"elementor-element elementor-element-5ee38b4 elementor-widget__width-initial elementor-widget elementor-widget-text-editor\" data-id=\"5ee38b4\" data-element_type=\"widget\" data-e-type=\"widget\" data-widget_type=\"text-editor.default\">\n\t\t\t\t<div class=\"elementor-widget-container\">\n\t\t\t\t\t\t\t\t\t<p class=\"p1\">Adresse \u00e9lectronique : Lorsque vous vous inscrivez \u00e0 notre lettre d'information, nous recueillons votre adresse \u00e9lectronique afin de vous fournir les derni\u00e8res mises \u00e0 jour.<br \/>Contributions des utilisateurs : Vos commentaires et interactions nous permettent d'am\u00e9liorer notre contenu et nos services.<\/p>\t\t\t\t\t\t\t\t<\/div>\n\t\t\t\t<\/div>\n\t\t\t\t<div class=\"elementor-element elementor-element-be89d99 ct-advanced-heading elementor-widget__width-initial elementor-widget elementor-widget-heading\" data-id=\"be89d99\" data-element_type=\"widget\" data-e-type=\"widget\" data-widget_type=\"heading.default\">\n\t\t\t\t<div class=\"elementor-widget-container\">\n\t\t\t\t\t<h3 class=\"elementor-heading-title elementor-size-default\">Donn\u00e9es techniques<\/h3>\t\t\t\t<\/div>\n\t\t\t\t<\/div>\n\t\t\t\t<div class=\"elementor-element elementor-element-2704e43 elementor-widget__width-initial elementor-widget elementor-widget-text-editor\" data-id=\"2704e43\" data-element_type=\"widget\" data-e-type=\"widget\" data-widget_type=\"text-editor.default\">\n\t\t\t\t<div class=\"elementor-widget-container\">\n\t\t\t\t\t\t\t\t\t<p class=\"p1\">Informations sur la navigation : Il s'agit de votre adresse IP, de votre type de navigateur, des pages visit\u00e9es et du temps pass\u00e9 sur notre site. <br \/>Cookies et suivi : Petits fichiers de donn\u00e9es qui nous aident \u00e0 m\u00e9moriser vos param\u00e8tres et \u00e0 suivre les performances du site \u00e0 des fins d'am\u00e9lioration.<\/p>\t\t\t\t\t\t\t\t<\/div>\n\t\t\t\t<\/div>\n\t\t\t\t<div class=\"elementor-element elementor-element-0d3dab6 ct-advanced-heading elementor-widget__width-initial elementor-widget elementor-widget-heading\" data-id=\"0d3dab6\" data-element_type=\"widget\" data-e-type=\"widget\" data-widget_type=\"heading.default\">\n\t\t\t\t<div class=\"elementor-widget-container\">\n\t\t\t\t\t<h2 class=\"elementor-heading-title elementor-size-default\">Comment nous utilisons vos donn\u00e9es<\/h2>\t\t\t\t<\/div>\n\t\t\t\t<\/div>\n\t\t\t\t<div class=\"elementor-element elementor-element-fa6a345 elementor-widget__width-initial elementor-widget elementor-widget-text-editor\" data-id=\"fa6a345\" data-element_type=\"widget\" data-e-type=\"widget\" data-widget_type=\"text-editor.default\">\n\t\t\t\t<div class=\"elementor-widget-container\">\n\t\t\t\t\t\t\t\t\t<p>Les donn\u00e9es que nous recueillons permettent d'am\u00e9liorer votre exp\u00e9rience et la fonctionnalit\u00e9 g\u00e9n\u00e9rale du site web.<\/p><p>Optimisation du site web : Veiller \u00e0 ce que le site fonctionne correctement et fournisse un contenu adapt\u00e9 \u00e0 vos pr\u00e9f\u00e9rences.<br \/>Personnalisation : Ajuster votre exp\u00e9rience en fonction de la fa\u00e7on dont vous interagissez avec notre site.<br \/>Analyse du trafic : Analyse des habitudes des visiteurs afin d'am\u00e9liorer la structure et les caract\u00e9ristiques du site.<br \/>D\u00e9veloppement de fonctionnalit\u00e9s : Vos commentaires guident la cr\u00e9ation de nouveaux services et l'am\u00e9lioration du site.<br \/>Communication : Nous pouvons envoyer des mises \u00e0 jour ou des notifications que nous jugeons utiles pour vous.<br \/>S\u00e9curit\u00e9 : Suivi de l'activit\u00e9 pour pr\u00e9venir la fraude et maintenir la s\u00e9curit\u00e9 du site web.<\/p>\t\t\t\t\t\t\t\t<\/div>\n\t\t\t\t<\/div>\n\t\t\t\t<div class=\"elementor-element elementor-element-b18e501 ct-advanced-heading elementor-widget__width-initial elementor-widget elementor-widget-heading\" data-id=\"b18e501\" data-element_type=\"widget\" data-e-type=\"widget\" data-widget_type=\"heading.default\">\n\t\t\t\t<div class=\"elementor-widget-container\">\n\t\t\t\t\t<h2 class=\"elementor-heading-title elementor-size-default\">Partager vos donn\u00e9es<\/h2>\t\t\t\t<\/div>\n\t\t\t\t<\/div>\n\t\t\t\t<div class=\"elementor-element elementor-element-721a790 elementor-widget__width-initial elementor-widget elementor-widget-text-editor\" data-id=\"721a790\" data-element_type=\"widget\" data-e-type=\"widget\" data-widget_type=\"text-editor.default\">\n\t\t\t\t<div class=\"elementor-widget-container\">\n\t\t\t\t\t\t\t\t\t<p>Vos informations sont gard\u00e9es confidentielles, mais dans certaines circonstances, elles peuvent \u00eatre partag\u00e9es :<\/p><p>Prestataires de services : Nous pouvons travailler avec des fournisseurs tiers pour nous aider \u00e0 g\u00e9rer le site web et offrir des services, ce qui peut impliquer le partage de donn\u00e9es. <br \/>Transitions commerciales : En cas de fusion, d'acquisition ou de changement d'activit\u00e9, vos donn\u00e9es peuvent faire partie de la transition. <br \/>Partenariats : Nous collaborons parfois avec des tiers pour des promotions ou des services, ce qui peut impliquer le partage d'informations pertinentes. <br \/>Avec votre consentement : Nous ne partagerons vos donn\u00e9es avec des tiers en dehors de ces conditions que si vous nous en donnez l'autorisation explicite.<\/p>\t\t\t\t\t\t\t\t<\/div>\n\t\t\t\t<\/div>\n\t\t\t\t<div class=\"elementor-element elementor-element-6ad86c0 ct-advanced-heading elementor-widget__width-initial elementor-widget elementor-widget-heading\" data-id=\"6ad86c0\" data-element_type=\"widget\" data-e-type=\"widget\" data-widget_type=\"heading.default\">\n\t\t\t\t<div class=\"elementor-widget-container\">\n\t\t\t\t\t<h2 class=\"elementor-heading-title elementor-size-default\">S\u00e9curit\u00e9 des donn\u00e9es<\/h2>\t\t\t\t<\/div>\n\t\t\t\t<\/div>\n\t\t\t\t<div class=\"elementor-element elementor-element-27ff393 elementor-widget__width-initial elementor-widget elementor-widget-text-editor\" data-id=\"27ff393\" data-element_type=\"widget\" data-e-type=\"widget\" data-widget_type=\"text-editor.default\">\n\t\t\t\t<div class=\"elementor-widget-container\">\n\t\t\t\t\t\t\t\t\t<p>Nous prenons tr\u00e8s au s\u00e9rieux la protection de vos informations personnelles, mais il est important de noter qu'aucune m\u00e9thode de transmission de donn\u00e9es sur l'internet n'est enti\u00e8rement s\u00fbre. Bien que nous nous efforcions de prot\u00e9ger vos donn\u00e9es, une s\u00e9curit\u00e9 totale ne peut \u00eatre garantie.<\/p>\t\t\t\t\t\t\t\t<\/div>\n\t\t\t\t<\/div>\n\t\t\t\t<div class=\"elementor-element elementor-element-afb1553 ct-advanced-heading elementor-widget__width-initial elementor-widget elementor-widget-heading\" data-id=\"afb1553\" data-element_type=\"widget\" data-e-type=\"widget\" data-widget_type=\"heading.default\">\n\t\t\t\t<div class=\"elementor-widget-container\">\n\t\t\t\t\t<h2 class=\"elementor-heading-title elementor-size-default\">Vos droits en mati\u00e8re de donn\u00e9es<\/h2>\t\t\t\t<\/div>\n\t\t\t\t<\/div>\n\t\t\t\t<div class=\"elementor-element elementor-element-409ff0f elementor-widget__width-initial elementor-widget elementor-widget-text-editor\" data-id=\"409ff0f\" data-element_type=\"widget\" data-e-type=\"widget\" data-widget_type=\"text-editor.default\">\n\t\t\t\t<div class=\"elementor-widget-container\">\n\t\t\t\t\t\t\t\t\t<p>Vos droits concernant vos donn\u00e9es personnelles peuvent varier en fonction de votre localisation, en particulier si vous vous trouvez dans l'Espace \u00e9conomique europ\u00e9en (EEE). Vous pouvez nous contacter pour v\u00e9rifier, mettre \u00e0 jour ou demander la suppression de vos informations.<\/p>\t\t\t\t\t\t\t\t<\/div>\n\t\t\t\t<\/div>\n\t\t\t\t<div class=\"elementor-element elementor-element-09ab861 ct-advanced-heading elementor-widget__width-initial elementor-widget elementor-widget-heading\" data-id=\"09ab861\" data-element_type=\"widget\" data-e-type=\"widget\" data-widget_type=\"heading.default\">\n\t\t\t\t<div class=\"elementor-widget-container\">\n\t\t\t\t\t<h2 class=\"elementor-heading-title elementor-size-default\">Liens externes<\/h2>\t\t\t\t<\/div>\n\t\t\t\t<\/div>\n\t\t\t\t<div class=\"elementor-element elementor-element-66f0c88 elementor-widget__width-initial elementor-widget elementor-widget-text-editor\" data-id=\"66f0c88\" data-element_type=\"widget\" data-e-type=\"widget\" data-widget_type=\"text-editor.default\">\n\t\t\t\t<div class=\"elementor-widget-container\">\n\t\t\t\t\t\t\t\t\t<p>HotHotFruit.online peut inclure des liens vers des sites web de tiers que nous ne contr\u00f4lons pas. Une fois que vous avez quitt\u00e9 notre site, nous vous recommandons de consulter les politiques de confidentialit\u00e9 de ces sites, car nous ne sommes pas responsables de leur contenu ou de leurs pratiques.<\/p>\t\t\t\t\t\t\t\t<\/div>\n\t\t\t\t<\/div>\n\t\t\t\t<div class=\"elementor-element elementor-element-53f08a9 ct-advanced-heading elementor-widget__width-initial elementor-widget elementor-widget-heading\" data-id=\"53f08a9\" data-element_type=\"widget\" data-e-type=\"widget\" data-widget_type=\"heading.default\">\n\t\t\t\t<div class=\"elementor-widget-container\">\n\t\t\t\t\t<h2 class=\"elementor-heading-title elementor-size-default\">Mises \u00e0 jour de notre politique de confidentialit\u00e9<\/h2>\t\t\t\t<\/div>\n\t\t\t\t<\/div>\n\t\t\t\t<div class=\"elementor-element elementor-element-44c0e77 elementor-widget__width-initial elementor-widget elementor-widget-text-editor\" data-id=\"44c0e77\" data-element_type=\"widget\" data-e-type=\"widget\" data-widget_type=\"text-editor.default\">\n\t\t\t\t<div class=\"elementor-widget-container\">\n\t\t\t\t\t\t\t\t\t<p>Nous pouvons mettre \u00e0 jour cette politique de confidentialit\u00e9 de temps \u00e0 autre. Toute modification sera publi\u00e9e sur cette page et vous en serez inform\u00e9 par courrier \u00e9lectronique ou sur le site web avant qu'elle ne prenne effet.<\/p>\t\t\t\t\t\t\t\t<\/div>\n\t\t\t\t<\/div>\n\t\t\t\t<div class=\"elementor-element elementor-element-4113aad ct-advanced-heading elementor-widget__width-initial elementor-widget elementor-widget-heading\" data-id=\"4113aad\" data-element_type=\"widget\" data-e-type=\"widget\" data-widget_type=\"heading.default\">\n\t\t\t\t<div class=\"elementor-widget-container\">\n\t\t\t\t\t<h2 class=\"elementor-heading-title elementor-size-default\">Nous contacter<\/h2>\t\t\t\t<\/div>\n\t\t\t\t<\/div>\n\t\t\t\t<div class=\"elementor-element elementor-element-58865a2 elementor-widget__width-initial elementor-widget elementor-widget-text-editor\" data-id=\"58865a2\" data-element_type=\"widget\" data-e-type=\"widget\" data-widget_type=\"text-editor.default\">\n\t\t\t\t<div class=\"elementor-widget-container\">\n\t\t\t\t\t\t\t\t\t<p>Pour toute question ou r\u00e9action concernant la pr\u00e9sente politique de confidentialit\u00e9, veuillez nous contacter \u00e0 l'adresse suivante : support@hothotfruit.online.<\/p>\t\t\t\t\t\t\t\t<\/div>\n\t\t\t\t<\/div>\n\t\t\t\t<\/div>\n\t\t\t\t\t<\/div>\n\t\t\t\t<\/div>\n\t\t\t\t<\/div>","protected":false},"excerpt":{"rendered":"<p>Privacy Policy At HotHotFruit.online, your privacy is our priority. We are committed to safeguarding your personal information and keeping it secure. If you have any concerns or require more details about how we manage your data, don&#8217;t hesitate to contact us at support@hothotfruit.online. Data We Collect and Purpose When you explore our website, we collect [&hellip;]<\/p>\n","protected":false},"author":1,"featured_media":1469,"parent":0,"menu_order":0,"comment_status":"closed","ping_status":"closed","template":"","meta":{"footnotes":""},"class_list":["post-1616","page","type-page","status-publish","has-post-thumbnail","hentry"],"blocksy_meta":{"has_hero_section":"disabled","styles_descriptor":{"styles":{"desktop":"","tablet":"","mobile":""},"google_fonts":[],"version":6}},"yoast_head":"<!-- This site is optimized with the Yoast SEO plugin v27.4 - https:\/\/yoast.com\/product\/yoast-seo-wordpress\/ -->\n<title>Privacy Policy - Hot Hot Fruit<\/title>\n<meta name=\"robots\" content=\"noindex, follow\" \/>\n<meta property=\"og:locale\" content=\"fr_FR\" \/>\n<meta property=\"og:type\" content=\"article\" \/>\n<meta property=\"og:title\" content=\"Privacy Policy - Hot Hot Fruit\" \/>\n<meta property=\"og:description\" content=\"Privacy Policy At HotHotFruit.online, your privacy is our priority. We are committed to safeguarding your personal information and keeping it secure. If you have any concerns or require more details about how we manage your data, don&#8217;t hesitate to contact us at support@hothotfruit.online. Data We Collect and Purpose When you explore our website, we collect [&hellip;]\" \/>\n<meta property=\"og:url\" content=\"https:\/\/hothotfruit.online\/fr\/privacy-policy\/\" \/>\n<meta property=\"og:site_name\" content=\"Hot Hot Fruit\" \/>\n<meta property=\"article:modified_time\" content=\"2024-10-03T18:39:10+00:00\" \/>\n<meta property=\"og:image\" content=\"https:\/\/hothotfruit.online\/wp-content\/uploads\/2024\/09\/3f717-hf33.png\" \/>\n\t<meta property=\"og:image:width\" content=\"999\" \/>\n\t<meta property=\"og:image:height\" content=\"562\" \/>\n\t<meta property=\"og:image:type\" content=\"image\/png\" \/>\n<meta name=\"twitter:card\" content=\"summary_large_image\" \/>\n<meta name=\"twitter:label1\" content=\"Dur\u00e9e de lecture estim\u00e9e\" \/>\n\t<meta name=\"twitter:data1\" content=\"3 minutes\" \/>\n<script type=\"application\/ld+json\" class=\"yoast-schema-graph\">{\"@context\":\"https:\\\/\\\/schema.org\",\"@graph\":[{\"@type\":\"WebPage\",\"@id\":\"https:\\\/\\\/hothotfruit.online\\\/privacy-policy\\\/\",\"url\":\"https:\\\/\\\/hothotfruit.online\\\/privacy-policy\\\/\",\"name\":\"Privacy Policy - Hot Hot Fruit\",\"isPartOf\":{\"@id\":\"https:\\\/\\\/hothotfruit.online\\\/#website\"},\"primaryImageOfPage\":{\"@id\":\"https:\\\/\\\/hothotfruit.online\\\/privacy-policy\\\/#primaryimage\"},\"image\":{\"@id\":\"https:\\\/\\\/hothotfruit.online\\\/privacy-policy\\\/#primaryimage\"},\"thumbnailUrl\":\"https:\\\/\\\/hothotfruit.online\\\/wp-content\\\/uploads\\\/2024\\\/09\\\/3f717-hf33.png\",\"datePublished\":\"2024-10-03T18:20:10+00:00\",\"dateModified\":\"2024-10-03T18:39:10+00:00\",\"breadcrumb\":{\"@id\":\"https:\\\/\\\/hothotfruit.online\\\/privacy-policy\\\/#breadcrumb\"},\"inLanguage\":\"fr-FR\",\"potentialAction\":[{\"@type\":\"ReadAction\",\"target\":[\"https:\\\/\\\/hothotfruit.online\\\/privacy-policy\\\/\"]}]},{\"@type\":\"ImageObject\",\"inLanguage\":\"fr-FR\",\"@id\":\"https:\\\/\\\/hothotfruit.online\\\/privacy-policy\\\/#primaryimage\",\"url\":\"https:\\\/\\\/hothotfruit.online\\\/wp-content\\\/uploads\\\/2024\\\/09\\\/3f717-hf33.png\",\"contentUrl\":\"https:\\\/\\\/hothotfruit.online\\\/wp-content\\\/uploads\\\/2024\\\/09\\\/3f717-hf33.png\",\"width\":999,\"height\":562,\"caption\":\"hothotfruit\"},{\"@type\":\"BreadcrumbList\",\"@id\":\"https:\\\/\\\/hothotfruit.online\\\/privacy-policy\\\/#breadcrumb\",\"itemListElement\":[{\"@type\":\"ListItem\",\"position\":1,\"name\":\"Home\",\"item\":\"https:\\\/\\\/hothotfruit.online\\\/\"},{\"@type\":\"ListItem\",\"position\":2,\"name\":\"Privacy Policy\"}]},{\"@type\":\"WebSite\",\"@id\":\"https:\\\/\\\/hothotfruit.online\\\/#website\",\"url\":\"https:\\\/\\\/hothotfruit.online\\\/\",\"name\":\"Hot Hot Fruit\",\"description\":\"\",\"publisher\":{\"@id\":\"https:\\\/\\\/hothotfruit.online\\\/#organization\"},\"potentialAction\":[{\"@type\":\"SearchAction\",\"target\":{\"@type\":\"EntryPoint\",\"urlTemplate\":\"https:\\\/\\\/hothotfruit.online\\\/?s={search_term_string}\"},\"query-input\":{\"@type\":\"PropertyValueSpecification\",\"valueRequired\":true,\"valueName\":\"search_term_string\"}}],\"inLanguage\":\"fr-FR\"},{\"@type\":\"Organization\",\"@id\":\"https:\\\/\\\/hothotfruit.online\\\/#organization\",\"name\":\"Hot Hot Fruit\",\"url\":\"https:\\\/\\\/hothotfruit.online\\\/\",\"logo\":{\"@type\":\"ImageObject\",\"inLanguage\":\"fr-FR\",\"@id\":\"https:\\\/\\\/hothotfruit.online\\\/#\\\/schema\\\/logo\\\/image\\\/\",\"url\":\"https:\\\/\\\/hothotfruit.online\\\/wp-content\\\/uploads\\\/2024\\\/09\\\/Logo-e1726735291759.png\",\"contentUrl\":\"https:\\\/\\\/hothotfruit.online\\\/wp-content\\\/uploads\\\/2024\\\/09\\\/Logo-e1726735291759.png\",\"width\":739,\"height\":332,\"caption\":\"Hot Hot Fruit\"},\"image\":{\"@id\":\"https:\\\/\\\/hothotfruit.online\\\/#\\\/schema\\\/logo\\\/image\\\/\"}}]}<\/script>\n<!-- \/ Yoast SEO plugin. -->","yoast_head_json":{"title":"Politique de confidentialit\u00e9 - Hot Hot Fruit","robots":{"index":"noindex","follow":"follow"},"og_locale":"fr_FR","og_type":"article","og_title":"Privacy Policy - Hot Hot Fruit","og_description":"Privacy Policy At HotHotFruit.online, your privacy is our priority. We are committed to safeguarding your personal information and keeping it secure. If you have any concerns or require more details about how we manage your data, don&#8217;t hesitate to contact us at support@hothotfruit.online. Data We Collect and Purpose When you explore our website, we collect [&hellip;]","og_url":"https:\/\/hothotfruit.online\/fr\/privacy-policy\/","og_site_name":"Hot Hot Fruit","article_modified_time":"2024-10-03T18:39:10+00:00","og_image":[{"width":999,"height":562,"url":"https:\/\/hothotfruit.online\/wp-content\/uploads\/2024\/09\/3f717-hf33.png","type":"image\/png"}],"twitter_card":"summary_large_image","twitter_misc":{"Dur\u00e9e de lecture estim\u00e9e":"3 minutes"},"schema":{"@context":"https:\/\/schema.org","@graph":[{"@type":"WebPage","@id":"https:\/\/hothotfruit.online\/privacy-policy\/","url":"https:\/\/hothotfruit.online\/privacy-policy\/","name":"Politique de confidentialit\u00e9 - Hot Hot Fruit","isPartOf":{"@id":"https:\/\/hothotfruit.online\/#website"},"primaryImageOfPage":{"@id":"https:\/\/hothotfruit.online\/privacy-policy\/#primaryimage"},"image":{"@id":"https:\/\/hothotfruit.online\/privacy-policy\/#primaryimage"},"thumbnailUrl":"https:\/\/hothotfruit.online\/wp-content\/uploads\/2024\/09\/3f717-hf33.png","datePublished":"2024-10-03T18:20:10+00:00","dateModified":"2024-10-03T18:39:10+00:00","breadcrumb":{"@id":"https:\/\/hothotfruit.online\/privacy-policy\/#breadcrumb"},"inLanguage":"fr-FR","potentialAction":[{"@type":"ReadAction","target":["https:\/\/hothotfruit.online\/privacy-policy\/"]}]},{"@type":"ImageObject","inLanguage":"fr-FR","@id":"https:\/\/hothotfruit.online\/privacy-policy\/#primaryimage","url":"https:\/\/hothotfruit.online\/wp-content\/uploads\/2024\/09\/3f717-hf33.png","contentUrl":"https:\/\/hothotfruit.online\/wp-content\/uploads\/2024\/09\/3f717-hf33.png","width":999,"height":562,"caption":"hothotfruit"},{"@type":"BreadcrumbList","@id":"https:\/\/hothotfruit.online\/privacy-policy\/#breadcrumb","itemListElement":[{"@type":"ListItem","position":1,"name":"Home","item":"https:\/\/hothotfruit.online\/"},{"@type":"ListItem","position":2,"name":"Privacy Policy"}]},{"@type":"WebSite","@id":"https:\/\/hothotfruit.online\/#website","url":"https:\/\/hothotfruit.online\/","name":"Hot Hot Fruit","description":"","publisher":{"@id":"https:\/\/hothotfruit.online\/#organization"},"potentialAction":[{"@type":"SearchAction","target":{"@type":"EntryPoint","urlTemplate":"https:\/\/hothotfruit.online\/?s={search_term_string}"},"query-input":{"@type":"PropertyValueSpecification","valueRequired":true,"valueName":"search_term_string"}}],"inLanguage":"fr-FR"},{"@type":"Organization","@id":"https:\/\/hothotfruit.online\/#organization","name":"Hot Hot Fruit","url":"https:\/\/hothotfruit.online\/","logo":{"@type":"ImageObject","inLanguage":"fr-FR","@id":"https:\/\/hothotfruit.online\/#\/schema\/logo\/image\/","url":"https:\/\/hothotfruit.online\/wp-content\/uploads\/2024\/09\/Logo-e1726735291759.png","contentUrl":"https:\/\/hothotfruit.online\/wp-content\/uploads\/2024\/09\/Logo-e1726735291759.png","width":739,"height":332,"caption":"Hot Hot Fruit"},"image":{"@id":"https:\/\/hothotfruit.online\/#\/schema\/logo\/image\/"}}]}},"_links":{"self":[{"href":"https:\/\/hothotfruit.online\/fr\/wp-json\/wp\/v2\/pages\/1616","targetHints":{"allow":["GET"]}}],"collection":[{"href":"https:\/\/hothotfruit.online\/fr\/wp-json\/wp\/v2\/pages"}],"about":[{"href":"https:\/\/hothotfruit.online\/fr\/wp-json\/wp\/v2\/types\/page"}],"author":[{"embeddable":true,"href":"https:\/\/hothotfruit.online\/fr\/wp-json\/wp\/v2\/users\/1"}],"replies":[{"embeddable":true,"href":"https:\/\/hothotfruit.online\/fr\/wp-json\/wp\/v2\/comments?post=1616"}],"version-history":[{"count":0,"href":"https:\/\/hothotfruit.online\/fr\/wp-json\/wp\/v2\/pages\/1616\/revisions"}],"wp:featuredmedia":[{"embeddable":true,"href":"https:\/\/hothotfruit.online\/fr\/wp-json\/wp\/v2\/media\/1469"}],"wp:attachment":[{"href":"https:\/\/hothotfruit.online\/fr\/wp-json\/wp\/v2\/media?parent=1616"}],"curies":[{"name":"wp","href":"https:\/\/api.w.org\/{rel}","templated":true}]}}