{"id":1616,"date":"2024-10-03T18:20:10","date_gmt":"2024-10-03T18:20:10","guid":{"rendered":"https:\/\/hothotfruit.online\/?page_id=1616"},"modified":"2024-10-03T18:39:10","modified_gmt":"2024-10-03T18:39:10","slug":"privacy-policy","status":"publish","type":"page","link":"https:\/\/hothotfruit.online\/pt\/privacy-policy\/","title":{"rendered":"Pol\u00edtica de privacidade"},"content":{"rendered":"<div data-elementor-type=\"wp-page\" data-elementor-id=\"1616\" class=\"elementor elementor-1616\">\n\t\t\t\t<div class=\"elementor-element elementor-element-fc88167 e-flex e-con-boxed e-con e-parent\" data-id=\"fc88167\" data-element_type=\"container\" data-e-type=\"container\">\n\t\t\t\t\t<div class=\"e-con-inner\">\n\t\t<div class=\"elementor-element elementor-element-aa3af17 e-con-full e-flex e-con e-child\" data-id=\"aa3af17\" data-element_type=\"container\" data-e-type=\"container\">\n\t\t\t\t<div class=\"elementor-element elementor-element-9ddbef6 elementor-widget elementor-widget-heading\" data-id=\"9ddbef6\" data-element_type=\"widget\" data-e-type=\"widget\" data-widget_type=\"heading.default\">\n\t\t\t\t<div class=\"elementor-widget-container\">\n\t\t\t\t\t<h1 class=\"elementor-heading-title elementor-size-default\">Pol\u00edtica de privacidade<\/h1>\t\t\t\t<\/div>\n\t\t\t\t<\/div>\n\t\t\t\t<div class=\"elementor-element elementor-element-e11a927 elementor-widget elementor-widget-text-editor\" data-id=\"e11a927\" data-element_type=\"widget\" data-e-type=\"widget\" data-widget_type=\"text-editor.default\">\n\t\t\t\t<div class=\"elementor-widget-container\">\n\t\t\t\t\t\t\t\t\t<p class=\"p1\">No HotHotFruit.online, sua privacidade \u00e9 nossa prioridade. Temos o compromisso de proteger suas informa\u00e7\u00f5es pessoais e mant\u00ea-las seguras. Se tiver alguma d\u00favida ou precisar de mais detalhes sobre como gerenciamos seus dados, n\u00e3o hesite em entrar em contato conosco pelo e-mail support@hothotfruit.online.<\/p>\t\t\t\t\t\t\t\t<\/div>\n\t\t\t\t<\/div>\n\t\t\t\t<div class=\"elementor-element elementor-element-ba88024 ct-advanced-heading elementor-widget__width-initial elementor-widget elementor-widget-heading\" data-id=\"ba88024\" data-element_type=\"widget\" data-e-type=\"widget\" data-widget_type=\"heading.default\">\n\t\t\t\t<div class=\"elementor-widget-container\">\n\t\t\t\t\t<h2 class=\"elementor-heading-title elementor-size-default\">Dados que coletamos e finalidade<\/h2>\t\t\t\t<\/div>\n\t\t\t\t<\/div>\n\t\t\t\t<div class=\"elementor-element elementor-element-985049b elementor-widget__width-initial elementor-widget elementor-widget-text-editor\" data-id=\"985049b\" data-element_type=\"widget\" data-e-type=\"widget\" data-widget_type=\"text-editor.default\">\n\t\t\t\t<div class=\"elementor-widget-container\">\n\t\t\t\t\t\t\t\t\t<p class=\"p1\">Quando voc\u00ea explora nosso site, coletamos dados espec\u00edficos para aprimorar sua experi\u00eancia. Aqui est\u00e1 um resumo:<\/p>\t\t\t\t\t\t\t\t<\/div>\n\t\t\t\t<\/div>\n\t\t\t\t<div class=\"elementor-element elementor-element-e84419d ct-advanced-heading elementor-widget__width-initial elementor-widget elementor-widget-heading\" data-id=\"e84419d\" data-element_type=\"widget\" data-e-type=\"widget\" data-widget_type=\"heading.default\">\n\t\t\t\t<div class=\"elementor-widget-container\">\n\t\t\t\t\t<h3 class=\"elementor-heading-title elementor-size-default\">Dados pessoais<\/h3>\t\t\t\t<\/div>\n\t\t\t\t<\/div>\n\t\t\t\t<div class=\"elementor-element elementor-element-5ee38b4 elementor-widget__width-initial elementor-widget elementor-widget-text-editor\" data-id=\"5ee38b4\" data-element_type=\"widget\" data-e-type=\"widget\" data-widget_type=\"text-editor.default\">\n\t\t\t\t<div class=\"elementor-widget-container\">\n\t\t\t\t\t\t\t\t\t<p class=\"p1\">Endere\u00e7o de e-mail: Quando voc\u00ea assina nosso boletim informativo, coletamos seu e-mail para lhe fornecer as atualiza\u00e7\u00f5es mais recentes.<br \/>Contribui\u00e7\u00f5es do usu\u00e1rio: Seus coment\u00e1rios e intera\u00e7\u00f5es nos permitem aprimorar nosso conte\u00fado e servi\u00e7os.<\/p>\t\t\t\t\t\t\t\t<\/div>\n\t\t\t\t<\/div>\n\t\t\t\t<div class=\"elementor-element elementor-element-be89d99 ct-advanced-heading elementor-widget__width-initial elementor-widget elementor-widget-heading\" data-id=\"be89d99\" data-element_type=\"widget\" data-e-type=\"widget\" data-widget_type=\"heading.default\">\n\t\t\t\t<div class=\"elementor-widget-container\">\n\t\t\t\t\t<h3 class=\"elementor-heading-title elementor-size-default\">Dados t\u00e9cnicos<\/h3>\t\t\t\t<\/div>\n\t\t\t\t<\/div>\n\t\t\t\t<div class=\"elementor-element elementor-element-2704e43 elementor-widget__width-initial elementor-widget elementor-widget-text-editor\" data-id=\"2704e43\" data-element_type=\"widget\" data-e-type=\"widget\" data-widget_type=\"text-editor.default\">\n\t\t\t\t<div class=\"elementor-widget-container\">\n\t\t\t\t\t\t\t\t\t<p class=\"p1\">Informa\u00e7\u00f5es de navega\u00e7\u00e3o: Isso inclui seu endere\u00e7o IP, tipo de navegador, p\u00e1ginas visitadas e tempo gasto em nosso site. <br \/>Cookies e rastreamento: Pequenos arquivos de dados que nos ajudam a lembrar suas configura\u00e7\u00f5es e acompanhar o desempenho do site para aprimoramentos.<\/p>\t\t\t\t\t\t\t\t<\/div>\n\t\t\t\t<\/div>\n\t\t\t\t<div class=\"elementor-element elementor-element-0d3dab6 ct-advanced-heading elementor-widget__width-initial elementor-widget elementor-widget-heading\" data-id=\"0d3dab6\" data-element_type=\"widget\" data-e-type=\"widget\" data-widget_type=\"heading.default\">\n\t\t\t\t<div class=\"elementor-widget-container\">\n\t\t\t\t\t<h2 class=\"elementor-heading-title elementor-size-default\">Como usamos seus dados<\/h2>\t\t\t\t<\/div>\n\t\t\t\t<\/div>\n\t\t\t\t<div class=\"elementor-element elementor-element-fa6a345 elementor-widget__width-initial elementor-widget elementor-widget-text-editor\" data-id=\"fa6a345\" data-element_type=\"widget\" data-e-type=\"widget\" data-widget_type=\"text-editor.default\">\n\t\t\t\t<div class=\"elementor-widget-container\">\n\t\t\t\t\t\t\t\t\t<p>Os dados que coletamos ajudam a aprimorar sua experi\u00eancia e a melhorar a funcionalidade geral do site.<\/p><p>Otimiza\u00e7\u00e3o de sites: Garantir que o site funcione sem problemas e forne\u00e7a conte\u00fado personalizado de acordo com suas prefer\u00eancias.<br \/>Personaliza\u00e7\u00e3o: Ajustar sua experi\u00eancia com base em como voc\u00ea interage com nosso site.<br \/>An\u00e1lise de tr\u00e1fego: An\u00e1lise dos padr\u00f5es dos visitantes para aprimorar a estrutura e os recursos do site.<br \/>Desenvolvimento de recursos: Seu feedback orienta a cria\u00e7\u00e3o de novos servi\u00e7os e aprimoramentos do site.<br \/>Comunica\u00e7\u00e3o: Podemos enviar atualiza\u00e7\u00f5es ou notifica\u00e7\u00f5es que acreditamos serem \u00fateis para voc\u00ea.<br \/>Seguran\u00e7a: Rastreamento de atividades para evitar fraudes e manter a seguran\u00e7a do site.<\/p>\t\t\t\t\t\t\t\t<\/div>\n\t\t\t\t<\/div>\n\t\t\t\t<div class=\"elementor-element elementor-element-b18e501 ct-advanced-heading elementor-widget__width-initial elementor-widget elementor-widget-heading\" data-id=\"b18e501\" data-element_type=\"widget\" data-e-type=\"widget\" data-widget_type=\"heading.default\">\n\t\t\t\t<div class=\"elementor-widget-container\">\n\t\t\t\t\t<h2 class=\"elementor-heading-title elementor-size-default\">Compartilhando seus dados<\/h2>\t\t\t\t<\/div>\n\t\t\t\t<\/div>\n\t\t\t\t<div class=\"elementor-element elementor-element-721a790 elementor-widget__width-initial elementor-widget elementor-widget-text-editor\" data-id=\"721a790\" data-element_type=\"widget\" data-e-type=\"widget\" data-widget_type=\"text-editor.default\">\n\t\t\t\t<div class=\"elementor-widget-container\">\n\t\t\t\t\t\t\t\t\t<p>Suas informa\u00e7\u00f5es s\u00e3o mantidas em sigilo, mas, em determinadas circunst\u00e2ncias, podem ser compartilhadas:<\/p><p>Prestadores de servi\u00e7os: Podemos trabalhar com provedores terceirizados para ajudar a gerenciar o site e oferecer servi\u00e7os, o que pode envolver o compartilhamento de dados. <br \/>Transi\u00e7\u00f5es de neg\u00f3cios: Em caso de fus\u00f5es, aquisi\u00e7\u00f5es ou mudan\u00e7as nos neg\u00f3cios, seus dados podem fazer parte da transi\u00e7\u00e3o. <br \/>Parcerias: \u00c0s vezes, colaboramos com terceiros para promo\u00e7\u00f5es ou servi\u00e7os, o que pode envolver o compartilhamento de informa\u00e7\u00f5es relevantes. <br \/>Com seu consentimento: Somente compartilharemos seus dados com terceiros fora dessas condi\u00e7\u00f5es se voc\u00ea nos der permiss\u00e3o expl\u00edcita.<\/p>\t\t\t\t\t\t\t\t<\/div>\n\t\t\t\t<\/div>\n\t\t\t\t<div class=\"elementor-element elementor-element-6ad86c0 ct-advanced-heading elementor-widget__width-initial elementor-widget elementor-widget-heading\" data-id=\"6ad86c0\" data-element_type=\"widget\" data-e-type=\"widget\" data-widget_type=\"heading.default\">\n\t\t\t\t<div class=\"elementor-widget-container\">\n\t\t\t\t\t<h2 class=\"elementor-heading-title elementor-size-default\">Seguran\u00e7a de dados<\/h2>\t\t\t\t<\/div>\n\t\t\t\t<\/div>\n\t\t\t\t<div class=\"elementor-element elementor-element-27ff393 elementor-widget__width-initial elementor-widget elementor-widget-text-editor\" data-id=\"27ff393\" data-element_type=\"widget\" data-e-type=\"widget\" data-widget_type=\"text-editor.default\">\n\t\t\t\t<div class=\"elementor-widget-container\">\n\t\t\t\t\t\t\t\t\t<p>Levamos muito a s\u00e9rio a prote\u00e7\u00e3o de suas informa\u00e7\u00f5es pessoais, mas \u00e9 importante observar que nenhum m\u00e9todo de transmiss\u00e3o de dados pela Internet \u00e9 totalmente seguro. Embora nos esforcemos para proteger seus dados, n\u00e3o \u00e9 poss\u00edvel garantir total seguran\u00e7a.<\/p>\t\t\t\t\t\t\t\t<\/div>\n\t\t\t\t<\/div>\n\t\t\t\t<div class=\"elementor-element elementor-element-afb1553 ct-advanced-heading elementor-widget__width-initial elementor-widget elementor-widget-heading\" data-id=\"afb1553\" data-element_type=\"widget\" data-e-type=\"widget\" data-widget_type=\"heading.default\">\n\t\t\t\t<div class=\"elementor-widget-container\">\n\t\t\t\t\t<h2 class=\"elementor-heading-title elementor-size-default\">Seus direitos de dados<\/h2>\t\t\t\t<\/div>\n\t\t\t\t<\/div>\n\t\t\t\t<div class=\"elementor-element elementor-element-409ff0f elementor-widget__width-initial elementor-widget elementor-widget-text-editor\" data-id=\"409ff0f\" data-element_type=\"widget\" data-e-type=\"widget\" data-widget_type=\"text-editor.default\">\n\t\t\t\t<div class=\"elementor-widget-container\">\n\t\t\t\t\t\t\t\t\t<p>Seus direitos relativos aos seus dados pessoais podem variar de acordo com a sua localiza\u00e7\u00e3o, especialmente se voc\u00ea estiver no Espa\u00e7o Econ\u00f4mico Europeu (EEE). Voc\u00ea pode entrar em contato conosco para revisar, atualizar ou solicitar a exclus\u00e3o de suas informa\u00e7\u00f5es.<\/p>\t\t\t\t\t\t\t\t<\/div>\n\t\t\t\t<\/div>\n\t\t\t\t<div class=\"elementor-element elementor-element-09ab861 ct-advanced-heading elementor-widget__width-initial elementor-widget elementor-widget-heading\" data-id=\"09ab861\" data-element_type=\"widget\" data-e-type=\"widget\" data-widget_type=\"heading.default\">\n\t\t\t\t<div class=\"elementor-widget-container\">\n\t\t\t\t\t<h2 class=\"elementor-heading-title elementor-size-default\">Links externos<\/h2>\t\t\t\t<\/div>\n\t\t\t\t<\/div>\n\t\t\t\t<div class=\"elementor-element elementor-element-66f0c88 elementor-widget__width-initial elementor-widget elementor-widget-text-editor\" data-id=\"66f0c88\" data-element_type=\"widget\" data-e-type=\"widget\" data-widget_type=\"text-editor.default\">\n\t\t\t\t<div class=\"elementor-widget-container\">\n\t\t\t\t\t\t\t\t\t<p>A HotHotFruit.online pode incluir links para sites de terceiros que n\u00e3o controlamos. Ao sair do nosso site, recomendamos que voc\u00ea consulte as pol\u00edticas de privacidade desses sites, pois n\u00e3o nos responsabilizamos por seu conte\u00fado ou pr\u00e1ticas.<\/p>\t\t\t\t\t\t\t\t<\/div>\n\t\t\t\t<\/div>\n\t\t\t\t<div class=\"elementor-element elementor-element-53f08a9 ct-advanced-heading elementor-widget__width-initial elementor-widget elementor-widget-heading\" data-id=\"53f08a9\" data-element_type=\"widget\" data-e-type=\"widget\" data-widget_type=\"heading.default\">\n\t\t\t\t<div class=\"elementor-widget-container\">\n\t\t\t\t\t<h2 class=\"elementor-heading-title elementor-size-default\">Atualiza\u00e7\u00f5es em nossa pol\u00edtica de privacidade<\/h2>\t\t\t\t<\/div>\n\t\t\t\t<\/div>\n\t\t\t\t<div class=\"elementor-element elementor-element-44c0e77 elementor-widget__width-initial elementor-widget elementor-widget-text-editor\" data-id=\"44c0e77\" data-element_type=\"widget\" data-e-type=\"widget\" data-widget_type=\"text-editor.default\">\n\t\t\t\t<div class=\"elementor-widget-container\">\n\t\t\t\t\t\t\t\t\t<p>Podemos atualizar esta pol\u00edtica de privacidade de tempos em tempos. Quaisquer modifica\u00e7\u00f5es ser\u00e3o publicadas nesta p\u00e1gina, e voc\u00ea ser\u00e1 informado por e-mail ou no site antes de as altera\u00e7\u00f5es entrarem em vigor.<\/p>\t\t\t\t\t\t\t\t<\/div>\n\t\t\t\t<\/div>\n\t\t\t\t<div class=\"elementor-element elementor-element-4113aad ct-advanced-heading elementor-widget__width-initial elementor-widget elementor-widget-heading\" data-id=\"4113aad\" data-element_type=\"widget\" data-e-type=\"widget\" data-widget_type=\"heading.default\">\n\t\t\t\t<div class=\"elementor-widget-container\">\n\t\t\t\t\t<h2 class=\"elementor-heading-title elementor-size-default\">Entre em contato conosco<\/h2>\t\t\t\t<\/div>\n\t\t\t\t<\/div>\n\t\t\t\t<div class=\"elementor-element elementor-element-58865a2 elementor-widget__width-initial elementor-widget elementor-widget-text-editor\" data-id=\"58865a2\" data-element_type=\"widget\" data-e-type=\"widget\" data-widget_type=\"text-editor.default\">\n\t\t\t\t<div class=\"elementor-widget-container\">\n\t\t\t\t\t\t\t\t\t<p>Em caso de d\u00favidas ou coment\u00e1rios sobre esta Pol\u00edtica de Privacidade, entre em contato conosco pelo e-mail support@hothotfruit.online.<\/p>\t\t\t\t\t\t\t\t<\/div>\n\t\t\t\t<\/div>\n\t\t\t\t<\/div>\n\t\t\t\t\t<\/div>\n\t\t\t\t<\/div>\n\t\t\t\t<\/div>","protected":false},"excerpt":{"rendered":"<p>Privacy Policy At HotHotFruit.online, your privacy is our priority. We are committed to safeguarding your personal information and keeping it secure. If you have any concerns or require more details about how we manage your data, don&#8217;t hesitate to contact us at support@hothotfruit.online. Data We Collect and Purpose When you explore our website, we collect [&hellip;]<\/p>\n","protected":false},"author":1,"featured_media":1469,"parent":0,"menu_order":0,"comment_status":"closed","ping_status":"closed","template":"","meta":{"footnotes":""},"class_list":["post-1616","page","type-page","status-publish","has-post-thumbnail","hentry"],"blocksy_meta":{"has_hero_section":"disabled","styles_descriptor":{"styles":{"desktop":"","tablet":"","mobile":""},"google_fonts":[],"version":6}},"yoast_head":"<!-- This site is optimized with the Yoast SEO plugin v27.5 - https:\/\/yoast.com\/product\/yoast-seo-wordpress\/ -->\n<title>Privacy Policy - Hot Hot Fruit<\/title>\n<meta name=\"robots\" content=\"noindex, follow\" \/>\n<meta property=\"og:locale\" content=\"pt_BR\" \/>\n<meta property=\"og:type\" content=\"article\" \/>\n<meta property=\"og:title\" content=\"Privacy Policy - Hot Hot Fruit\" \/>\n<meta property=\"og:description\" content=\"Privacy Policy At HotHotFruit.online, your privacy is our priority. We are committed to safeguarding your personal information and keeping it secure. If you have any concerns or require more details about how we manage your data, don&#8217;t hesitate to contact us at support@hothotfruit.online. Data We Collect and Purpose When you explore our website, we collect [&hellip;]\" \/>\n<meta property=\"og:url\" content=\"https:\/\/hothotfruit.online\/pt\/privacy-policy\/\" \/>\n<meta property=\"og:site_name\" content=\"Hot Hot Fruit\" \/>\n<meta property=\"article:modified_time\" content=\"2024-10-03T18:39:10+00:00\" \/>\n<meta property=\"og:image\" content=\"https:\/\/hothotfruit.online\/wp-content\/uploads\/2024\/09\/3f717-hf33.png\" \/>\n\t<meta property=\"og:image:width\" content=\"999\" \/>\n\t<meta property=\"og:image:height\" content=\"562\" \/>\n\t<meta property=\"og:image:type\" content=\"image\/png\" \/>\n<meta name=\"twitter:card\" content=\"summary_large_image\" \/>\n<meta name=\"twitter:label1\" content=\"Est. tempo de leitura\" \/>\n\t<meta name=\"twitter:data1\" content=\"3 minutos\" \/>\n<script type=\"application\/ld+json\" class=\"yoast-schema-graph\">{\"@context\":\"https:\\\/\\\/schema.org\",\"@graph\":[{\"@type\":\"WebPage\",\"@id\":\"https:\\\/\\\/hothotfruit.online\\\/privacy-policy\\\/\",\"url\":\"https:\\\/\\\/hothotfruit.online\\\/privacy-policy\\\/\",\"name\":\"Privacy Policy - Hot Hot Fruit\",\"isPartOf\":{\"@id\":\"https:\\\/\\\/hothotfruit.online\\\/#website\"},\"primaryImageOfPage\":{\"@id\":\"https:\\\/\\\/hothotfruit.online\\\/privacy-policy\\\/#primaryimage\"},\"image\":{\"@id\":\"https:\\\/\\\/hothotfruit.online\\\/privacy-policy\\\/#primaryimage\"},\"thumbnailUrl\":\"https:\\\/\\\/hothotfruit.online\\\/wp-content\\\/uploads\\\/2024\\\/09\\\/3f717-hf33.png\",\"datePublished\":\"2024-10-03T18:20:10+00:00\",\"dateModified\":\"2024-10-03T18:39:10+00:00\",\"breadcrumb\":{\"@id\":\"https:\\\/\\\/hothotfruit.online\\\/privacy-policy\\\/#breadcrumb\"},\"inLanguage\":\"pt-BR\",\"potentialAction\":[{\"@type\":\"ReadAction\",\"target\":[\"https:\\\/\\\/hothotfruit.online\\\/privacy-policy\\\/\"]}]},{\"@type\":\"ImageObject\",\"inLanguage\":\"pt-BR\",\"@id\":\"https:\\\/\\\/hothotfruit.online\\\/privacy-policy\\\/#primaryimage\",\"url\":\"https:\\\/\\\/hothotfruit.online\\\/wp-content\\\/uploads\\\/2024\\\/09\\\/3f717-hf33.png\",\"contentUrl\":\"https:\\\/\\\/hothotfruit.online\\\/wp-content\\\/uploads\\\/2024\\\/09\\\/3f717-hf33.png\",\"width\":999,\"height\":562,\"caption\":\"hothotfruit\"},{\"@type\":\"BreadcrumbList\",\"@id\":\"https:\\\/\\\/hothotfruit.online\\\/privacy-policy\\\/#breadcrumb\",\"itemListElement\":[{\"@type\":\"ListItem\",\"position\":1,\"name\":\"Home\",\"item\":\"https:\\\/\\\/hothotfruit.online\\\/\"},{\"@type\":\"ListItem\",\"position\":2,\"name\":\"Privacy Policy\"}]},{\"@type\":\"WebSite\",\"@id\":\"https:\\\/\\\/hothotfruit.online\\\/#website\",\"url\":\"https:\\\/\\\/hothotfruit.online\\\/\",\"name\":\"Hot Hot Fruit\",\"description\":\"\",\"publisher\":{\"@id\":\"https:\\\/\\\/hothotfruit.online\\\/#organization\"},\"potentialAction\":[{\"@type\":\"SearchAction\",\"target\":{\"@type\":\"EntryPoint\",\"urlTemplate\":\"https:\\\/\\\/hothotfruit.online\\\/?s={search_term_string}\"},\"query-input\":{\"@type\":\"PropertyValueSpecification\",\"valueRequired\":true,\"valueName\":\"search_term_string\"}}],\"inLanguage\":\"pt-BR\"},{\"@type\":\"Organization\",\"@id\":\"https:\\\/\\\/hothotfruit.online\\\/#organization\",\"name\":\"Hot Hot Fruit\",\"url\":\"https:\\\/\\\/hothotfruit.online\\\/\",\"logo\":{\"@type\":\"ImageObject\",\"inLanguage\":\"pt-BR\",\"@id\":\"https:\\\/\\\/hothotfruit.online\\\/#\\\/schema\\\/logo\\\/image\\\/\",\"url\":\"https:\\\/\\\/hothotfruit.online\\\/wp-content\\\/uploads\\\/2024\\\/09\\\/Logo-e1726735291759.png\",\"contentUrl\":\"https:\\\/\\\/hothotfruit.online\\\/wp-content\\\/uploads\\\/2024\\\/09\\\/Logo-e1726735291759.png\",\"width\":739,\"height\":332,\"caption\":\"Hot Hot Fruit\"},\"image\":{\"@id\":\"https:\\\/\\\/hothotfruit.online\\\/#\\\/schema\\\/logo\\\/image\\\/\"}}]}<\/script>\n<!-- \/ Yoast SEO plugin. -->","yoast_head_json":{"title":"Pol\u00edtica de privacidade - Hot Hot Fruit","robots":{"index":"noindex","follow":"follow"},"og_locale":"pt_BR","og_type":"article","og_title":"Privacy Policy - Hot Hot Fruit","og_description":"Privacy Policy At HotHotFruit.online, your privacy is our priority. We are committed to safeguarding your personal information and keeping it secure. If you have any concerns or require more details about how we manage your data, don&#8217;t hesitate to contact us at support@hothotfruit.online. Data We Collect and Purpose When you explore our website, we collect [&hellip;]","og_url":"https:\/\/hothotfruit.online\/pt\/privacy-policy\/","og_site_name":"Hot Hot Fruit","article_modified_time":"2024-10-03T18:39:10+00:00","og_image":[{"width":999,"height":562,"url":"https:\/\/hothotfruit.online\/wp-content\/uploads\/2024\/09\/3f717-hf33.png","type":"image\/png"}],"twitter_card":"summary_large_image","twitter_misc":{"Est. tempo de leitura":"3 minutos"},"schema":{"@context":"https:\/\/schema.org","@graph":[{"@type":"WebPage","@id":"https:\/\/hothotfruit.online\/privacy-policy\/","url":"https:\/\/hothotfruit.online\/privacy-policy\/","name":"Pol\u00edtica de privacidade - Hot Hot Fruit","isPartOf":{"@id":"https:\/\/hothotfruit.online\/#website"},"primaryImageOfPage":{"@id":"https:\/\/hothotfruit.online\/privacy-policy\/#primaryimage"},"image":{"@id":"https:\/\/hothotfruit.online\/privacy-policy\/#primaryimage"},"thumbnailUrl":"https:\/\/hothotfruit.online\/wp-content\/uploads\/2024\/09\/3f717-hf33.png","datePublished":"2024-10-03T18:20:10+00:00","dateModified":"2024-10-03T18:39:10+00:00","breadcrumb":{"@id":"https:\/\/hothotfruit.online\/privacy-policy\/#breadcrumb"},"inLanguage":"pt-BR","potentialAction":[{"@type":"ReadAction","target":["https:\/\/hothotfruit.online\/privacy-policy\/"]}]},{"@type":"ImageObject","inLanguage":"pt-BR","@id":"https:\/\/hothotfruit.online\/privacy-policy\/#primaryimage","url":"https:\/\/hothotfruit.online\/wp-content\/uploads\/2024\/09\/3f717-hf33.png","contentUrl":"https:\/\/hothotfruit.online\/wp-content\/uploads\/2024\/09\/3f717-hf33.png","width":999,"height":562,"caption":"hothotfruit"},{"@type":"BreadcrumbList","@id":"https:\/\/hothotfruit.online\/privacy-policy\/#breadcrumb","itemListElement":[{"@type":"ListItem","position":1,"name":"Home","item":"https:\/\/hothotfruit.online\/"},{"@type":"ListItem","position":2,"name":"Privacy Policy"}]},{"@type":"WebSite","@id":"https:\/\/hothotfruit.online\/#website","url":"https:\/\/hothotfruit.online\/","name":"Hot Hot Fruit","description":"","publisher":{"@id":"https:\/\/hothotfruit.online\/#organization"},"potentialAction":[{"@type":"SearchAction","target":{"@type":"EntryPoint","urlTemplate":"https:\/\/hothotfruit.online\/?s={search_term_string}"},"query-input":{"@type":"PropertyValueSpecification","valueRequired":true,"valueName":"search_term_string"}}],"inLanguage":"pt-BR"},{"@type":"Organization","@id":"https:\/\/hothotfruit.online\/#organization","name":"Hot Hot Fruit","url":"https:\/\/hothotfruit.online\/","logo":{"@type":"ImageObject","inLanguage":"pt-BR","@id":"https:\/\/hothotfruit.online\/#\/schema\/logo\/image\/","url":"https:\/\/hothotfruit.online\/wp-content\/uploads\/2024\/09\/Logo-e1726735291759.png","contentUrl":"https:\/\/hothotfruit.online\/wp-content\/uploads\/2024\/09\/Logo-e1726735291759.png","width":739,"height":332,"caption":"Hot Hot Fruit"},"image":{"@id":"https:\/\/hothotfruit.online\/#\/schema\/logo\/image\/"}}]}},"_links":{"self":[{"href":"https:\/\/hothotfruit.online\/pt\/wp-json\/wp\/v2\/pages\/1616","targetHints":{"allow":["GET"]}}],"collection":[{"href":"https:\/\/hothotfruit.online\/pt\/wp-json\/wp\/v2\/pages"}],"about":[{"href":"https:\/\/hothotfruit.online\/pt\/wp-json\/wp\/v2\/types\/page"}],"author":[{"embeddable":true,"href":"https:\/\/hothotfruit.online\/pt\/wp-json\/wp\/v2\/users\/1"}],"replies":[{"embeddable":true,"href":"https:\/\/hothotfruit.online\/pt\/wp-json\/wp\/v2\/comments?post=1616"}],"version-history":[{"count":0,"href":"https:\/\/hothotfruit.online\/pt\/wp-json\/wp\/v2\/pages\/1616\/revisions"}],"wp:featuredmedia":[{"embeddable":true,"href":"https:\/\/hothotfruit.online\/pt\/wp-json\/wp\/v2\/media\/1469"}],"wp:attachment":[{"href":"https:\/\/hothotfruit.online\/pt\/wp-json\/wp\/v2\/media?parent=1616"}],"curies":[{"name":"wp","href":"https:\/\/api.w.org\/{rel}","templated":true}]}}